{"id":741,"date":"2022-05-19T19:35:41","date_gmt":"2022-05-19T19:35:41","guid":{"rendered":"https:\/\/boostdigiculture.eu\/?page_id=741"},"modified":"2024-02-29T14:09:22","modified_gmt":"2024-02-29T14:09:22","slug":"contact-de","status":"publish","type":"page","link":"https:\/\/boostdigiculture.eu\/index.php\/de\/contact-de\/","title":{"rendered":"Kontakt"},"content":{"rendered":"\t\t<div data-elementor-type=\"wp-page\" data-elementor-id=\"741\" class=\"elementor elementor-741\">\n\t\t\t\t\t\t<section class=\"elementor-section elementor-top-section elementor-element elementor-element-d50a9f6 elementor-section-boxed elementor-section-height-default elementor-section-height-default\" data-id=\"d50a9f6\" data-element_type=\"section\" data-e-type=\"section\" data-settings=\"{&quot;background_background&quot;:&quot;classic&quot;}\">\n\t\t\t\t\t\t\t<div class=\"elementor-background-overlay\"><\/div>\n\t\t\t\t\t\t\t<div class=\"elementor-container elementor-column-gap-default\">\n\t\t\t\t\t<div class=\"elementor-column elementor-col-100 elementor-top-column elementor-element elementor-element-94d154f\" data-id=\"94d154f\" data-element_type=\"column\" data-e-type=\"column\">\n\t\t\t<div class=\"elementor-widget-wrap elementor-element-populated\">\n\t\t\t\t\t\t<div class=\"elementor-element elementor-element-61b32eb elementor-widget elementor-widget-spacer\" data-id=\"61b32eb\" data-element_type=\"widget\" data-e-type=\"widget\" data-widget_type=\"spacer.default\">\n\t\t\t\t<div class=\"elementor-widget-container\">\n\t\t\t\t\t\t\t<div class=\"elementor-spacer\">\n\t\t\t<div class=\"elementor-spacer-inner\"><\/div>\n\t\t<\/div>\n\t\t\t\t\t\t<\/div>\n\t\t\t\t<\/div>\n\t\t\t\t<div class=\"elementor-element elementor-element-8864bbf elementor-widget elementor-widget-heading\" data-id=\"8864bbf\" data-element_type=\"widget\" data-e-type=\"widget\" data-widget_type=\"heading.default\">\n\t\t\t\t<div class=\"elementor-widget-container\">\n\t\t\t\t\t<h2 class=\"elementor-heading-title elementor-size-default\">Bitte schreiben Sie uns! \n<\/h2>\t\t\t\t<\/div>\n\t\t\t\t<\/div>\n\t\t\t\t<div class=\"elementor-element elementor-element-1012269 elementor-widget-divider--view-line elementor-widget elementor-widget-divider\" data-id=\"1012269\" data-element_type=\"widget\" data-e-type=\"widget\" data-widget_type=\"divider.default\">\n\t\t\t\t<div class=\"elementor-widget-container\">\n\t\t\t\t\t\t\t<div class=\"elementor-divider\">\n\t\t\t<span class=\"elementor-divider-separator\">\n\t\t\t\t\t\t<\/span>\n\t\t<\/div>\n\t\t\t\t\t\t<\/div>\n\t\t\t\t<\/div>\n\t\t\t\t<div class=\"elementor-element elementor-element-d448f6e eael-contact-form-align-default eael-contact-form-btn-align-default elementor-widget elementor-widget-eael-weform\" data-id=\"d448f6e\" data-element_type=\"widget\" data-e-type=\"widget\" data-widget_type=\"eael-weform.default\">\n\t\t\t\t<div class=\"elementor-widget-container\">\n\t\t\t\t\t<div class=\"eael-weform-container\">\n\t\t\t\r\n        \r\n\r\n                <form class=\"wpuf-form-add weforms-6  wpuf-style\" action=\"\" method=\"post\"   id=\"\">\r\n\r\n            <ul class=\"wpuf-form form-label-above\">\r\n\r\n                        <li class=\"wpuf-el name field-size-large\" data-label=\"Name\">\r\n                    <div class=\"wpuf-label\">\r\n            <label for=\"name_6\">Name <span class=\"required\">*<\/span><\/label>\r\n        <\/div>\r\n        \r\n            <div class=\"wpuf-fields\">\r\n                <div class=\"wpuf-name-field-wrap format-first-last\" data-style=\"wpuf-style\">\r\n                    <div class=\"wpuf-name-field-first-name\">\r\n                        <input\r\n                            name=\"name[first]\"\r\n                            type=\"text\"\r\n                            placeholder=\"\"\r\n                            value=\"\"\r\n                            size=\"40\"\r\n                            data-required=\"yes\"\r\n                            data-type=\"text\"\r\n                            data-style=\"wpuf-style\"\r\n                            class=\"textfield wpuf_name_6\"\r\n                            autocomplete=\"given-name\"\r\n                        >\r\n                                                    <label class=\"wpuf-form-sub-label\" data-style=\"wpuf-style\">First<\/label>\r\n                                            <\/div>\r\n\r\n                                            <input type=\"hidden\" name=\"name[middle]\" value=\"\">\r\n                    \r\n                    <div class=\"wpuf-name-field-last-name\">\r\n                        <input\r\n                            name=\"name[last]\"\r\n                            type=\"text\" class=\"textfield\"\r\n                            placeholder=\"\"\r\n                            value=\"\"\r\n                            size=\"40\"\r\n                            autocomplete=\"family-name\"\r\n                            data-style=\"wpuf-style\"\r\n                        >\r\n                                                    <label class=\"wpuf-form-sub-label\" data-style=\"wpuf-style\">Last<\/label>\r\n                                            <\/div>\r\n                <\/div>\r\n                            <\/div>\r\n        <\/li>\r\n                <li class=\"wpuf-el email field-size-large\" data-label=\"Email Address\">\r\n                    <div class=\"wpuf-label\">\r\n            <label for=\"email_6\">Email Address <span class=\"required\">*<\/span><\/label>\r\n        <\/div>\r\n        \r\n            <div class=\"wpuf-fields\">\r\n                <input\r\n                    id=\"email_6\"\r\n                    type=\"email\"\r\n                    class=\"email  wpuf_email_6\"\r\n                    data-duplicate=\"\"\r\n                    data-required=\"yes\"\r\n                    data-type=\"email\"\r\n                    data-style=\"wpuf-style\"\r\n                    name=\"email\"\r\n                    placeholder=\"\"\r\n                    value=\"\"\r\n                    size=\"40\"\r\n                    autocomplete=\"email\"\r\n                \/>\r\n                            <\/div>\r\n        <\/li>\r\n                <li class=\"wpuf-el message field-size-large\" data-label=\"Message\">\r\n                    <div class=\"wpuf-label\">\r\n            <label for=\"message_6\">Message <span class=\"required\">*<\/span><\/label>\r\n        <\/div>\r\n                                    <div class=\"wpuf-fields\">\r\n            \r\n                                    <textarea\r\n                        class=\"textareafield  wpuf_message_6\"\r\n                        id=\"message_6\"\r\n                        name=\"message\"\r\n                        data-required=\"yes\"\r\n                        data-type=\"textarea\"\r\n                        placeholder=\"\"\r\n                        rows=\"5\"\r\n                        cols=\"25\"\r\n                        data-style=\"wpuf-style\"\r\n                    ><\/textarea>\r\n                    <span class=\"wpuf-wordlimit-message wpuf-help\"><\/span>\r\n\r\n                \r\n                        <\/div><\/li>\r\n                <li class=\"wpuf-submit\">\r\n            <div class=\"wpuf-label\">\r\n                &nbsp;\r\n            <\/div>\r\n\r\n            <input type=\"hidden\" id=\"_wpnonce\" name=\"_wpnonce\" value=\"c238da9ad0\" \/><input type=\"hidden\" name=\"_wp_http_referer\" value=\"\/index.php\/wp-json\/wp\/v2\/pages\/741\" \/>\r\n            <input type=\"hidden\" name=\"form_id\" value=\"6\">\r\n            <input type=\"hidden\" name=\"page_id\" value=\"741\">\r\n            <input type=\"hidden\" name=\"action\" value=\"weforms_frontend_submit\">\r\n\r\n                            <input type=\"hidden\" name=\"weforms-front-report\" value=\"no\">\r\n            \r\n            \r\n                            <input type=\"submit\" class=\"weforms_submit_btn wpuf_submit_6\" name=\"submit\" value=\"Submit\" \/>\r\n                    <\/li>\r\n                <\/ul>\r\n\r\n        <\/form>\r\n                \n\t\t<\/div>\t\t\t\t<\/div>\n\t\t\t\t<\/div>\n\t\t\t\t<div class=\"elementor-element elementor-element-49c6549 elementor-widget elementor-widget-spacer\" data-id=\"49c6549\" data-element_type=\"widget\" data-e-type=\"widget\" data-widget_type=\"spacer.default\">\n\t\t\t\t<div class=\"elementor-widget-container\">\n\t\t\t\t\t\t\t<div class=\"elementor-spacer\">\n\t\t\t<div class=\"elementor-spacer-inner\"><\/div>\n\t\t<\/div>\n\t\t\t\t\t\t<\/div>\n\t\t\t\t<\/div>\n\t\t\t\t\t<\/div>\n\t\t<\/div>\n\t\t\t\t\t<\/div>\n\t\t<\/section>\n\t\t\t\t<section class=\"elementor-section elementor-top-section elementor-element elementor-element-287fb55 elementor-section-boxed elementor-section-height-default elementor-section-height-default\" data-id=\"287fb55\" data-element_type=\"section\" data-e-type=\"section\">\n\t\t\t\t\t\t<div class=\"elementor-container elementor-column-gap-default\">\n\t\t\t\t\t<div class=\"elementor-column elementor-col-25 elementor-top-column elementor-element elementor-element-3aac2ae\" data-id=\"3aac2ae\" data-element_type=\"column\" data-e-type=\"column\">\n\t\t\t<div class=\"elementor-widget-wrap elementor-element-populated\">\n\t\t\t\t\t\t<div class=\"elementor-element elementor-element-39bdd25 elementor-widget elementor-widget-spacer\" data-id=\"39bdd25\" data-element_type=\"widget\" data-e-type=\"widget\" data-widget_type=\"spacer.default\">\n\t\t\t\t<div class=\"elementor-widget-container\">\n\t\t\t\t\t\t\t<div class=\"elementor-spacer\">\n\t\t\t<div class=\"elementor-spacer-inner\"><\/div>\n\t\t<\/div>\n\t\t\t\t\t\t<\/div>\n\t\t\t\t<\/div>\n\t\t\t\t<div class=\"elementor-element elementor-element-da5169b elementor-widget elementor-widget-image\" data-id=\"da5169b\" data-element_type=\"widget\" data-e-type=\"widget\" data-widget_type=\"image.default\">\n\t\t\t\t<div class=\"elementor-widget-container\">\n\t\t\t\t\t\t\t\t\t\t\t\t\t\t\t<img decoding=\"async\" width=\"300\" height=\"63\" src=\"https:\/\/boostdigiculture.eu\/wp-content\/uploads\/2024\/01\/DE-Kofinanziert-von-der-Europaischen-Union_POS-300x63.jpg\" class=\"attachment-medium size-medium wp-image-2125\" alt=\"\" srcset=\"https:\/\/boostdigiculture.eu\/wp-content\/uploads\/2024\/01\/DE-Kofinanziert-von-der-Europaischen-Union_POS-300x63.jpg 300w, https:\/\/boostdigiculture.eu\/wp-content\/uploads\/2024\/01\/DE-Kofinanziert-von-der-Europaischen-Union_POS-1024x215.jpg 1024w, https:\/\/boostdigiculture.eu\/wp-content\/uploads\/2024\/01\/DE-Kofinanziert-von-der-Europaischen-Union_POS-768x161.jpg 768w, https:\/\/boostdigiculture.eu\/wp-content\/uploads\/2024\/01\/DE-Kofinanziert-von-der-Europaischen-Union_POS-1536x322.jpg 1536w, https:\/\/boostdigiculture.eu\/wp-content\/uploads\/2024\/01\/DE-Kofinanziert-von-der-Europaischen-Union_POS-2048x430.jpg 2048w, https:\/\/boostdigiculture.eu\/wp-content\/uploads\/2024\/01\/DE-Kofinanziert-von-der-Europaischen-Union_POS-720x151.jpg 720w\" sizes=\"(max-width: 300px) 100vw, 300px\" \/>\t\t\t\t\t\t\t\t\t\t\t\t\t\t\t<\/div>\n\t\t\t\t<\/div>\n\t\t\t\t<div class=\"elementor-element elementor-element-fa323a3 elementor-widget elementor-widget-text-editor\" data-id=\"fa323a3\" data-element_type=\"widget\" data-e-type=\"widget\" data-widget_type=\"text-editor.default\">\n\t\t\t\t<div class=\"elementor-widget-container\">\n\t\t\t\t\t\t\t\t\t<p>Von der Europ\u00e4ischen Union finanziert. Die ge\u00e4u\u00dferten Ansichten und Meinungen entsprechen jedoch ausschlie\u00dflich denen des Autors bzw. der Autoren und spiegeln nicht zwingend die der Europ\u00e4ischen Union oder der Europ\u00e4ischen Exekutivagentur f\u00fcr Bildung und Kultur (EACEA) wider. Weder die Europ\u00e4ische Union noch die EACEA k\u00f6nnen daf\u00fcr verantwortlich gemacht werden. 2021-1-DE02-KA220-ADU-000035248<\/p>\t\t\t\t\t\t\t\t<\/div>\n\t\t\t\t<\/div>\n\t\t\t\t\t<\/div>\n\t\t<\/div>\n\t\t\t\t<div class=\"elementor-column elementor-col-25 elementor-top-column elementor-element elementor-element-cfb5c7d\" data-id=\"cfb5c7d\" data-element_type=\"column\" data-e-type=\"column\">\n\t\t\t<div class=\"elementor-widget-wrap\">\n\t\t\t\t\t\t\t<\/div>\n\t\t<\/div>\n\t\t\t\t<div class=\"elementor-column elementor-col-25 elementor-top-column elementor-element elementor-element-64ee2ca\" data-id=\"64ee2ca\" data-element_type=\"column\" data-e-type=\"column\">\n\t\t\t<div class=\"elementor-widget-wrap elementor-element-populated\">\n\t\t\t\t\t\t<div class=\"elementor-element elementor-element-c14506d elementor-widget elementor-widget-spacer\" data-id=\"c14506d\" data-element_type=\"widget\" data-e-type=\"widget\" data-widget_type=\"spacer.default\">\n\t\t\t\t<div class=\"elementor-widget-container\">\n\t\t\t\t\t\t\t<div class=\"elementor-spacer\">\n\t\t\t<div class=\"elementor-spacer-inner\"><\/div>\n\t\t<\/div>\n\t\t\t\t\t\t<\/div>\n\t\t\t\t<\/div>\n\t\t\t\t<div class=\"elementor-element elementor-element-30a9cf2 elementor-widget elementor-widget-image\" data-id=\"30a9cf2\" data-element_type=\"widget\" data-e-type=\"widget\" data-widget_type=\"image.default\">\n\t\t\t\t<div class=\"elementor-widget-container\">\n\t\t\t\t\t\t\t\t\t\t\t\t\t\t\t<img decoding=\"async\" width=\"300\" height=\"105\" src=\"https:\/\/boostdigiculture.eu\/wp-content\/uploads\/2024\/01\/by-sa-1-300x105.png\" class=\"attachment-medium size-medium wp-image-2110\" alt=\"\" srcset=\"https:\/\/boostdigiculture.eu\/wp-content\/uploads\/2024\/01\/by-sa-1-300x105.png 300w, https:\/\/boostdigiculture.eu\/wp-content\/uploads\/2024\/01\/by-sa-1.png 403w\" sizes=\"(max-width: 300px) 100vw, 300px\" \/>\t\t\t\t\t\t\t\t\t\t\t\t\t\t\t<\/div>\n\t\t\t\t<\/div>\n\t\t\t\t<div class=\"elementor-element elementor-element-da64865 elementor-widget elementor-widget-text-editor\" data-id=\"da64865\" data-element_type=\"widget\" data-e-type=\"widget\" data-widget_type=\"text-editor.default\">\n\t\t\t\t<div class=\"elementor-widget-container\">\n\t\t\t\t\t\t\t\t\t<p>Dieses Werk ist lizenziert unter\u00a0<a href=\"http:\/\/creativecommons.org\/licenses\/by-sa\/4.0\/?ref=chooser-v1\" target=\"_blank\" rel=\"noopener\">CC BY-SA 4.0<\/a><\/p>\t\t\t\t\t\t\t\t<\/div>\n\t\t\t\t<\/div>\n\t\t\t\t\t<\/div>\n\t\t<\/div>\n\t\t\t\t<div class=\"elementor-column elementor-col-25 elementor-top-column elementor-element elementor-element-4e5de74\" data-id=\"4e5de74\" data-element_type=\"column\" data-e-type=\"column\">\n\t\t\t<div class=\"elementor-widget-wrap elementor-element-populated\">\n\t\t\t\t\t\t<div class=\"elementor-element elementor-element-55e33f8 elementor-widget elementor-widget-spacer\" data-id=\"55e33f8\" data-element_type=\"widget\" data-e-type=\"widget\" data-widget_type=\"spacer.default\">\n\t\t\t\t<div class=\"elementor-widget-container\">\n\t\t\t\t\t\t\t<div class=\"elementor-spacer\">\n\t\t\t<div class=\"elementor-spacer-inner\"><\/div>\n\t\t<\/div>\n\t\t\t\t\t\t<\/div>\n\t\t\t\t<\/div>\n\t\t\t\t<div class=\"elementor-element elementor-element-88663d2 elementor-widget elementor-widget-image\" data-id=\"88663d2\" data-element_type=\"widget\" data-e-type=\"widget\" data-widget_type=\"image.default\">\n\t\t\t\t<div class=\"elementor-widget-container\">\n\t\t\t\t\t\t\t\t\t\t\t\t\t\t\t<img decoding=\"async\" width=\"226\" height=\"137\" src=\"https:\/\/boostdigiculture.eu\/wp-content\/uploads\/2022\/02\/BoostDigiCulturexxsmall-e1645015480491.png\" class=\"attachment-medium size-medium wp-image-42\" alt=\"\" \/>\t\t\t\t\t\t\t\t\t\t\t\t\t\t\t<\/div>\n\t\t\t\t<\/div>\n\t\t\t\t<div class=\"elementor-element elementor-element-e239467 elementor-widget elementor-widget-text-editor\" data-id=\"e239467\" data-element_type=\"widget\" data-e-type=\"widget\" data-widget_type=\"text-editor.default\">\n\t\t\t\t<div class=\"elementor-widget-container\">\n\t\t\t\t\t\t\t\t\t<a style=\"color: black;\" href=\"http:\/\/boostdigiculture.eu\/index.php\/terms-of-use\/\" target=\"_blank\" rel=\"noopener\">Terms of Use<\/a>\t\t\t\t\t\t\t\t<\/div>\n\t\t\t\t<\/div>\n\t\t\t\t<div class=\"elementor-element elementor-element-b7f831e elementor-shape-circle e-grid-align-right elementor-grid-0 elementor-widget elementor-widget-social-icons\" data-id=\"b7f831e\" data-element_type=\"widget\" data-e-type=\"widget\" data-widget_type=\"social-icons.default\">\n\t\t\t\t<div class=\"elementor-widget-container\">\n\t\t\t\t\t\t\t<div class=\"elementor-social-icons-wrapper elementor-grid\" role=\"list\">\n\t\t\t\t\t\t\t<span class=\"elementor-grid-item\" role=\"listitem\">\n\t\t\t\t\t<a class=\"elementor-icon elementor-social-icon elementor-social-icon-facebook elementor-repeater-item-c683f8c\" href=\"https:\/\/www.facebook.com\/BoostDigiCulture\/\" target=\"_blank\">\n\t\t\t\t\t\t<span class=\"elementor-screen-only\">Facebook<\/span>\n\t\t\t\t\t\t<i aria-hidden=\"true\" class=\"fab fa-facebook\"><\/i>\t\t\t\t\t<\/a>\n\t\t\t\t<\/span>\n\t\t\t\t\t\t\t<span class=\"elementor-grid-item\" role=\"listitem\">\n\t\t\t\t\t<a class=\"elementor-icon elementor-social-icon elementor-social-icon-linkedin elementor-repeater-item-6b52f4b\" href=\"https:\/\/www.linkedin.com\/company\/86212874\/admin\/\" target=\"_blank\">\n\t\t\t\t\t\t<span class=\"elementor-screen-only\">Linkedin<\/span>\n\t\t\t\t\t\t<i aria-hidden=\"true\" class=\"fab fa-linkedin\"><\/i>\t\t\t\t\t<\/a>\n\t\t\t\t<\/span>\n\t\t\t\t\t\t\t<span class=\"elementor-grid-item\" role=\"listitem\">\n\t\t\t\t\t<a class=\"elementor-icon elementor-social-icon elementor-social-icon-youtube elementor-repeater-item-a65c9ef\" href=\"https:\/\/www.youtube.com\/@BoostDigiCulture\" target=\"_blank\">\n\t\t\t\t\t\t<span class=\"elementor-screen-only\">Youtube<\/span>\n\t\t\t\t\t\t<i aria-hidden=\"true\" class=\"fab fa-youtube\"><\/i>\t\t\t\t\t<\/a>\n\t\t\t\t<\/span>\n\t\t\t\t\t<\/div>\n\t\t\t\t\t\t<\/div>\n\t\t\t\t<\/div>\n\t\t\t\t\t<\/div>\n\t\t<\/div>\n\t\t\t\t\t<\/div>\n\t\t<\/section>\n\t\t\t\t<section class=\"elementor-section elementor-top-section elementor-element elementor-element-3bbade9 elementor-section-boxed elementor-section-height-default elementor-section-height-default\" data-id=\"3bbade9\" data-element_type=\"section\" data-e-type=\"section\">\n\t\t\t\t\t\t<div class=\"elementor-container elementor-column-gap-default\">\n\t\t\t\t\t<div class=\"elementor-column elementor-col-100 elementor-top-column elementor-element elementor-element-5b4c4d0\" data-id=\"5b4c4d0\" data-element_type=\"column\" data-e-type=\"column\">\n\t\t\t<div class=\"elementor-widget-wrap elementor-element-populated\">\n\t\t\t\t\t\t<div class=\"elementor-element elementor-element-40a7caa elementor-widget-divider--view-line elementor-widget elementor-widget-divider\" data-id=\"40a7caa\" data-element_type=\"widget\" data-e-type=\"widget\" data-widget_type=\"divider.default\">\n\t\t\t\t<div class=\"elementor-widget-container\">\n\t\t\t\t\t\t\t<div class=\"elementor-divider\">\n\t\t\t<span class=\"elementor-divider-separator\">\n\t\t\t\t\t\t<\/span>\n\t\t<\/div>\n\t\t\t\t\t\t<\/div>\n\t\t\t\t<\/div>\n\t\t\t\t\t<\/div>\n\t\t<\/div>\n\t\t\t\t\t<\/div>\n\t\t<\/section>\n\t\t\t\t<section class=\"elementor-section elementor-top-section elementor-element elementor-element-20ed2c5 elementor-section-boxed elementor-section-height-default elementor-section-height-default\" data-id=\"20ed2c5\" data-element_type=\"section\" data-e-type=\"section\">\n\t\t\t\t\t\t<div class=\"elementor-container elementor-column-gap-default\">\n\t\t\t\t\t<div class=\"elementor-column elementor-col-33 elementor-top-column elementor-element elementor-element-d87c697\" data-id=\"d87c697\" data-element_type=\"column\" data-e-type=\"column\">\n\t\t\t<div class=\"elementor-widget-wrap elementor-element-populated\">\n\t\t\t\t\t\t<div class=\"elementor-element elementor-element-6f33332 elementor-widget elementor-widget-text-editor\" data-id=\"6f33332\" data-element_type=\"widget\" data-e-type=\"widget\" data-widget_type=\"text-editor.default\">\n\t\t\t\t<div class=\"elementor-widget-container\">\n\t\t\t\t\t\t\t\t\t<span style=\"color: black;\">Copyright \u00a9 2022 BoostDigiCulture. All Rights Reserved<\/span>\t\t\t\t\t\t\t\t<\/div>\n\t\t\t\t<\/div>\n\t\t\t\t\t<\/div>\n\t\t<\/div>\n\t\t\t\t<div class=\"elementor-column elementor-col-33 elementor-top-column elementor-element elementor-element-a844d6a\" data-id=\"a844d6a\" data-element_type=\"column\" data-e-type=\"column\">\n\t\t\t<div class=\"elementor-widget-wrap\">\n\t\t\t\t\t\t\t<\/div>\n\t\t<\/div>\n\t\t\t\t<div class=\"elementor-column elementor-col-33 elementor-top-column elementor-element elementor-element-302a348\" data-id=\"302a348\" data-element_type=\"column\" data-e-type=\"column\">\n\t\t\t<div class=\"elementor-widget-wrap elementor-element-populated\">\n\t\t\t\t\t\t<div class=\"elementor-element elementor-element-dc17778 elementor-widget elementor-widget-text-editor\" data-id=\"dc17778\" data-element_type=\"widget\" data-e-type=\"widget\" data-widget_type=\"text-editor.default\">\n\t\t\t\t<div class=\"elementor-widget-container\">\n\t\t\t\t\t\t\t\t\t<span style=\"color: black; text-align: right;\">Powered by\u00a0<\/span><a style=\"color: black; text-align: right;\" href=\"https:\/\/innovationhive.eu\/\" target=\"_blank\" rel=\"noopener\">Innovation Hive<\/a>\t\t\t\t\t\t\t\t<\/div>\n\t\t\t\t<\/div>\n\t\t\t\t\t<\/div>\n\t\t<\/div>\n\t\t\t\t\t<\/div>\n\t\t<\/section>\n\t\t\t\t<\/div>\n\t\t","protected":false},"excerpt":{"rendered":"<p>Bitte schreiben Sie uns! Name * First Last Email Address * Message * &nbsp; Von der Europ\u00e4ischen Union finanziert. Die [&hellip;]<\/p>\n","protected":false},"author":1,"featured_media":0,"parent":0,"menu_order":0,"comment_status":"closed","ping_status":"closed","template":"page-templates\/template_page-builder.php","meta":{"_monsterinsights_skip_tracking":false,"_monsterinsights_sitenote_active":false,"_monsterinsights_sitenote_note":"","_monsterinsights_sitenote_category":0,"footnotes":""},"class_list":["post-741","page","type-page","status-publish","hentry"],"_links":{"self":[{"href":"https:\/\/boostdigiculture.eu\/index.php\/wp-json\/wp\/v2\/pages\/741","targetHints":{"allow":["GET"]}}],"collection":[{"href":"https:\/\/boostdigiculture.eu\/index.php\/wp-json\/wp\/v2\/pages"}],"about":[{"href":"https:\/\/boostdigiculture.eu\/index.php\/wp-json\/wp\/v2\/types\/page"}],"author":[{"embeddable":true,"href":"https:\/\/boostdigiculture.eu\/index.php\/wp-json\/wp\/v2\/users\/1"}],"replies":[{"embeddable":true,"href":"https:\/\/boostdigiculture.eu\/index.php\/wp-json\/wp\/v2\/comments?post=741"}],"version-history":[{"count":25,"href":"https:\/\/boostdigiculture.eu\/index.php\/wp-json\/wp\/v2\/pages\/741\/revisions"}],"predecessor-version":[{"id":2489,"href":"https:\/\/boostdigiculture.eu\/index.php\/wp-json\/wp\/v2\/pages\/741\/revisions\/2489"}],"wp:attachment":[{"href":"https:\/\/boostdigiculture.eu\/index.php\/wp-json\/wp\/v2\/media?parent=741"}],"curies":[{"name":"wp","href":"https:\/\/api.w.org\/{rel}","templated":true}]}}