{"id":709,"date":"2022-05-19T18:47:36","date_gmt":"2022-05-19T18:47:36","guid":{"rendered":"https:\/\/boostdigiculture.eu\/?page_id=709"},"modified":"2024-02-29T14:09:02","modified_gmt":"2024-02-29T14:09:02","slug":"about-us-de","status":"publish","type":"page","link":"https:\/\/boostdigiculture.eu\/index.php\/de\/about-us-de\/","title":{"rendered":"\u00dcber Uns"},"content":{"rendered":"\t\t<div data-elementor-type=\"wp-page\" data-elementor-id=\"709\" class=\"elementor elementor-709\">\n\t\t\t\t\t\t<section class=\"elementor-section elementor-top-section elementor-element elementor-element-cc4d3c8 elementor-section-boxed elementor-section-height-default elementor-section-height-default\" data-id=\"cc4d3c8\" data-element_type=\"section\" data-e-type=\"section\" data-settings=\"{&quot;background_background&quot;:&quot;classic&quot;}\">\n\t\t\t\t\t\t\t<div class=\"elementor-background-overlay\"><\/div>\n\t\t\t\t\t\t\t<div class=\"elementor-container elementor-column-gap-default\">\n\t\t\t\t\t<div class=\"elementor-column elementor-col-100 elementor-top-column elementor-element elementor-element-a7b32b2\" data-id=\"a7b32b2\" data-element_type=\"column\" data-e-type=\"column\">\n\t\t\t<div class=\"elementor-widget-wrap elementor-element-populated\">\n\t\t\t\t\t\t<div class=\"elementor-element elementor-element-61d7321 elementor-widget elementor-widget-spacer\" data-id=\"61d7321\" data-element_type=\"widget\" data-e-type=\"widget\" data-widget_type=\"spacer.default\">\n\t\t\t\t<div class=\"elementor-widget-container\">\n\t\t\t\t\t\t\t<div class=\"elementor-spacer\">\n\t\t\t<div class=\"elementor-spacer-inner\"><\/div>\n\t\t<\/div>\n\t\t\t\t\t\t<\/div>\n\t\t\t\t<\/div>\n\t\t\t\t<div class=\"elementor-element elementor-element-5de8e3b elementor-widget elementor-widget-heading\" data-id=\"5de8e3b\" data-element_type=\"widget\" data-e-type=\"widget\" data-widget_type=\"heading.default\">\n\t\t\t\t<div class=\"elementor-widget-container\">\n\t\t\t\t\t<h2 class=\"elementor-heading-title elementor-size-default\">\u00dcber Uns<\/h2>\t\t\t\t<\/div>\n\t\t\t\t<\/div>\n\t\t\t\t<div class=\"elementor-element elementor-element-5026d3b elementor-widget elementor-widget-spacer\" data-id=\"5026d3b\" data-element_type=\"widget\" data-e-type=\"widget\" data-widget_type=\"spacer.default\">\n\t\t\t\t<div class=\"elementor-widget-container\">\n\t\t\t\t\t\t\t<div class=\"elementor-spacer\">\n\t\t\t<div class=\"elementor-spacer-inner\"><\/div>\n\t\t<\/div>\n\t\t\t\t\t\t<\/div>\n\t\t\t\t<\/div>\n\t\t\t\t<div class=\"elementor-element elementor-element-59cc4dc elementor-widget elementor-widget-text-editor\" data-id=\"59cc4dc\" data-element_type=\"widget\" data-e-type=\"widget\" data-widget_type=\"text-editor.default\">\n\t\t\t\t<div class=\"elementor-widget-container\">\n\t\t\t\t\t\t\t\t\t<p>Die Kultur- und Kreativbranche geh\u00f6rt neben dem Tourismussektor zu den am st\u00e4rksten von der COVID-19-Pandemie betroffenen Branchen. Die Krise forderte ihren Tribut in Form erheblicher Einbr\u00fcche bei den Besucherzahlen, die am st\u00e4rksten von den als Kulturschock bezeichneten sozialen Distanzierungsma\u00dfnahmen betroffen waren; dies hatte unbestreitbare finanzielle Auswirkungen auf den Betrieb kleiner und mittlerer Kunst- und Kultureinrichtungen.\u00a0<\/p><p>Dieser Umschwung der Ereignisse veranlasste den Kultursektor, die Digitalisierung rasch voranzutreiben. Die gro\u00dfe Mehrheit der Einrichtungen in Europa reagierte mit einer raschen Umstellung auf digitale Besuche und digitales Kuratieren. Diese f\u00fcr die Kultureinrichtungen erzwungene Verlagerung auf ihre &#8220;virtuellen Museumsressourcen, E-Learning und Online-Sammlungen&#8221; legte einige der bereits bestehenden Schwachstellen im Kultursektor offen, insbesondere in Bezug auf die digitale Kuration und die mangelnden digitalen F\u00e4higkeiten der Kulturschaffenden.\u00a0<\/p><p>Das Erasmus+ Projekt &#8220;BoostDigiCulture&#8221; will diese Herausforderungen angehen und hofft, die Grundlage f\u00fcr einen nachhaltigen und inklusiven Rahmen f\u00fcr die berufliche Entwicklung offener Bildungsressourcen und -praktiken zu schaffen, um die digitalen Kompetenzen von Kulturschaffenden mit geringen digitalen Kenntnissen zu verbessern, insbesondere von solchen, die in kleinen und mittleren Kultureinrichtungen in den Partnerl\u00e4ndern und dar\u00fcber hinaus arbeiten.<\/p>\t\t\t\t\t\t\t\t<\/div>\n\t\t\t\t<\/div>\n\t\t\t\t<div class=\"elementor-element elementor-element-5458b71 elementor-widget elementor-widget-spacer\" data-id=\"5458b71\" data-element_type=\"widget\" data-e-type=\"widget\" data-widget_type=\"spacer.default\">\n\t\t\t\t<div class=\"elementor-widget-container\">\n\t\t\t\t\t\t\t<div class=\"elementor-spacer\">\n\t\t\t<div class=\"elementor-spacer-inner\"><\/div>\n\t\t<\/div>\n\t\t\t\t\t\t<\/div>\n\t\t\t\t<\/div>\n\t\t\t\t<div class=\"elementor-element elementor-element-fa16a79 elementor-widget elementor-widget-heading\" data-id=\"fa16a79\" data-element_type=\"widget\" data-e-type=\"widget\" data-widget_type=\"heading.default\">\n\t\t\t\t<div class=\"elementor-widget-container\">\n\t\t\t\t\t<h2 class=\"elementor-heading-title elementor-size-default\">Einfluss<\/h2>\t\t\t\t<\/div>\n\t\t\t\t<\/div>\n\t\t\t\t<div class=\"elementor-element elementor-element-b462f4b elementor-widget elementor-widget-spacer\" data-id=\"b462f4b\" data-element_type=\"widget\" data-e-type=\"widget\" data-widget_type=\"spacer.default\">\n\t\t\t\t<div class=\"elementor-widget-container\">\n\t\t\t\t\t\t\t<div class=\"elementor-spacer\">\n\t\t\t<div class=\"elementor-spacer-inner\"><\/div>\n\t\t<\/div>\n\t\t\t\t\t\t<\/div>\n\t\t\t\t<\/div>\n\t\t\t\t<div class=\"elementor-element elementor-element-68e48e8 elementor-widget elementor-widget-text-editor\" data-id=\"68e48e8\" data-element_type=\"widget\" data-e-type=\"widget\" data-widget_type=\"text-editor.default\">\n\t\t\t\t<div class=\"elementor-widget-container\">\n\t\t\t\t\t\t\t\t\t<div id=\"tw-plp\" class=\"pcCUmf vCOSGb\" data-fpen=\"1\"><div class=\"hhB0V\"><div id=\"tw-tl\" class=\"j1iyq\" tabindex=\"0\" role=\"button\" data-lang=\"en\" data-ved=\"2ahUKEwiU3vr07uv3AhXIS_EDHUEqBaMQ8jR6BAgDEAU\">Das Projekt zielt darauf ab, die Kapazit\u00e4ten von erwachsenen Kulturschaffenden bei der Implementierung der digitalen Kultur in ihre institutionelle Agenda zu verbessern und das Bewusstsein f\u00fcr die Bedeutung der digitalen Bereitschaft und Schulung von erwachsenen Kulturschaffenden f\u00fcr die institutionelle Widerstandsf\u00e4higkeit und Nachhaltigkeit zu f\u00f6rdern. Au\u00dferdem soll ein nachhaltiger Rahmen f\u00fcr die berufliche Entwicklung von Ressourcen und Dienstleistungen f\u00fcr die digitale Weiterbildung dieser Lernenden entwickelt, implementiert und validiert werden und Kulturschaffende dabei unterst\u00fctzen, den integrativen Charakter der digitalen Kultur durch ihre institutionellen Online-Angebote zu gew\u00e4hrleisten. Schlie\u00dflich soll das Projekt Erkenntnisse \u00fcber das Engagement des Online-Publikums und die Interaktion mit der digitalen Kultur liefern.<\/div><\/div><\/div><div id=\"tw-ob\" class=\"tw-src-ltr\"><div id=\"KnM9nf\"><div id=\"tw-source\"><div id=\"tw-source-text-container\" class=\"tw-ta-container F0azHf tw-nfl\">\u00a0<\/div><div id=\"tw-source-rmn-container\" class=\"tw-ta-container F0azHf tw-nfl\"><pre id=\"tw-source-rmn\" class=\"tw-data-placeholder tw-text-small tw-ta\" dir=\"ltr\" data-placeholder=\"\">\u00a0<\/pre><\/div><div id=\"gt-src-is\" class=\"gt-is\" role=\"menu\"><div id=\"gt-src-is-list\" class=\"gt-is-ctr\">\u00a0<\/div><div id=\"sugg-spell\" data-ved=\"2ahUKEwiU3vr07uv3AhXIS_EDHUEqBaMQ7fQBegQIAxAH\">\u00a0<\/div><div id=\"sugg-completion\" data-ved=\"2ahUKEwiU3vr07uv3AhXIS_EDHUEqBaMQ-b0EegQIAxAI\">\u00a0<\/div><div id=\"sugg-reject\" data-ved=\"2ahUKEwiU3vr07uv3AhXIS_EDHUEqBaMQpPQBegQIAxAJ\">\u00a0<\/div><div id=\"sugg-lang\" data-ved=\"2ahUKEwiU3vr07uv3AhXIS_EDHUEqBaMQ7Dh6BAgDEAo\">\u00a0<\/div><\/div><\/div><\/div><\/div>\t\t\t\t\t\t\t\t<\/div>\n\t\t\t\t<\/div>\n\t\t\t\t<div class=\"elementor-element elementor-element-450a450 elementor-widget elementor-widget-spacer\" data-id=\"450a450\" data-element_type=\"widget\" data-e-type=\"widget\" data-widget_type=\"spacer.default\">\n\t\t\t\t<div class=\"elementor-widget-container\">\n\t\t\t\t\t\t\t<div class=\"elementor-spacer\">\n\t\t\t<div class=\"elementor-spacer-inner\"><\/div>\n\t\t<\/div>\n\t\t\t\t\t\t<\/div>\n\t\t\t\t<\/div>\n\t\t\t\t\t<\/div>\n\t\t<\/div>\n\t\t\t\t\t<\/div>\n\t\t<\/section>\n\t\t\t\t<section class=\"elementor-section elementor-top-section elementor-element elementor-element-688e587 elementor-section-boxed elementor-section-height-default elementor-section-height-default\" data-id=\"688e587\" data-element_type=\"section\" data-e-type=\"section\">\n\t\t\t\t\t\t<div class=\"elementor-container elementor-column-gap-default\">\n\t\t\t\t\t<div class=\"elementor-column elementor-col-25 elementor-top-column elementor-element elementor-element-ced8fce\" data-id=\"ced8fce\" data-element_type=\"column\" data-e-type=\"column\">\n\t\t\t<div class=\"elementor-widget-wrap elementor-element-populated\">\n\t\t\t\t\t\t<div class=\"elementor-element elementor-element-5c138df elementor-widget elementor-widget-spacer\" data-id=\"5c138df\" data-element_type=\"widget\" data-e-type=\"widget\" data-widget_type=\"spacer.default\">\n\t\t\t\t<div class=\"elementor-widget-container\">\n\t\t\t\t\t\t\t<div class=\"elementor-spacer\">\n\t\t\t<div class=\"elementor-spacer-inner\"><\/div>\n\t\t<\/div>\n\t\t\t\t\t\t<\/div>\n\t\t\t\t<\/div>\n\t\t\t\t<div class=\"elementor-element elementor-element-d472fa8 elementor-widget elementor-widget-image\" data-id=\"d472fa8\" data-element_type=\"widget\" data-e-type=\"widget\" data-widget_type=\"image.default\">\n\t\t\t\t<div class=\"elementor-widget-container\">\n\t\t\t\t\t\t\t\t\t\t\t\t\t\t\t<img decoding=\"async\" width=\"300\" height=\"63\" src=\"https:\/\/boostdigiculture.eu\/wp-content\/uploads\/2024\/01\/DE-Kofinanziert-von-der-Europaischen-Union_POS-300x63.jpg\" class=\"attachment-medium size-medium wp-image-2125\" alt=\"\" srcset=\"https:\/\/boostdigiculture.eu\/wp-content\/uploads\/2024\/01\/DE-Kofinanziert-von-der-Europaischen-Union_POS-300x63.jpg 300w, https:\/\/boostdigiculture.eu\/wp-content\/uploads\/2024\/01\/DE-Kofinanziert-von-der-Europaischen-Union_POS-1024x215.jpg 1024w, https:\/\/boostdigiculture.eu\/wp-content\/uploads\/2024\/01\/DE-Kofinanziert-von-der-Europaischen-Union_POS-768x161.jpg 768w, https:\/\/boostdigiculture.eu\/wp-content\/uploads\/2024\/01\/DE-Kofinanziert-von-der-Europaischen-Union_POS-1536x322.jpg 1536w, https:\/\/boostdigiculture.eu\/wp-content\/uploads\/2024\/01\/DE-Kofinanziert-von-der-Europaischen-Union_POS-2048x430.jpg 2048w, https:\/\/boostdigiculture.eu\/wp-content\/uploads\/2024\/01\/DE-Kofinanziert-von-der-Europaischen-Union_POS-720x151.jpg 720w\" sizes=\"(max-width: 300px) 100vw, 300px\" \/>\t\t\t\t\t\t\t\t\t\t\t\t\t\t\t<\/div>\n\t\t\t\t<\/div>\n\t\t\t\t<div class=\"elementor-element elementor-element-5c15cba elementor-widget elementor-widget-text-editor\" data-id=\"5c15cba\" data-element_type=\"widget\" data-e-type=\"widget\" data-widget_type=\"text-editor.default\">\n\t\t\t\t<div class=\"elementor-widget-container\">\n\t\t\t\t\t\t\t\t\t<p>Von der Europ\u00e4ischen Union finanziert. Die ge\u00e4u\u00dferten Ansichten und Meinungen entsprechen jedoch ausschlie\u00dflich denen des Autors bzw. der Autoren und spiegeln nicht zwingend die der Europ\u00e4ischen Union oder der Europ\u00e4ischen Exekutivagentur f\u00fcr Bildung und Kultur (EACEA) wider. Weder die Europ\u00e4ische Union noch die EACEA k\u00f6nnen daf\u00fcr verantwortlich gemacht werden. 2021-1-DE02-KA220-ADU-000035248<\/p>\t\t\t\t\t\t\t\t<\/div>\n\t\t\t\t<\/div>\n\t\t\t\t\t<\/div>\n\t\t<\/div>\n\t\t\t\t<div class=\"elementor-column elementor-col-25 elementor-top-column elementor-element elementor-element-8b15f60\" data-id=\"8b15f60\" data-element_type=\"column\" data-e-type=\"column\">\n\t\t\t<div class=\"elementor-widget-wrap\">\n\t\t\t\t\t\t\t<\/div>\n\t\t<\/div>\n\t\t\t\t<div class=\"elementor-column elementor-col-25 elementor-top-column elementor-element elementor-element-c4e4502\" data-id=\"c4e4502\" data-element_type=\"column\" data-e-type=\"column\">\n\t\t\t<div class=\"elementor-widget-wrap elementor-element-populated\">\n\t\t\t\t\t\t<div class=\"elementor-element elementor-element-350f34f elementor-widget elementor-widget-spacer\" data-id=\"350f34f\" data-element_type=\"widget\" data-e-type=\"widget\" data-widget_type=\"spacer.default\">\n\t\t\t\t<div class=\"elementor-widget-container\">\n\t\t\t\t\t\t\t<div class=\"elementor-spacer\">\n\t\t\t<div class=\"elementor-spacer-inner\"><\/div>\n\t\t<\/div>\n\t\t\t\t\t\t<\/div>\n\t\t\t\t<\/div>\n\t\t\t\t<div class=\"elementor-element elementor-element-6fdec33 elementor-widget elementor-widget-image\" data-id=\"6fdec33\" data-element_type=\"widget\" data-e-type=\"widget\" data-widget_type=\"image.default\">\n\t\t\t\t<div class=\"elementor-widget-container\">\n\t\t\t\t\t\t\t\t\t\t\t\t\t\t\t<img decoding=\"async\" width=\"300\" height=\"105\" src=\"https:\/\/boostdigiculture.eu\/wp-content\/uploads\/2024\/01\/by-sa-1-300x105.png\" class=\"attachment-medium size-medium wp-image-2110\" alt=\"\" srcset=\"https:\/\/boostdigiculture.eu\/wp-content\/uploads\/2024\/01\/by-sa-1-300x105.png 300w, https:\/\/boostdigiculture.eu\/wp-content\/uploads\/2024\/01\/by-sa-1.png 403w\" sizes=\"(max-width: 300px) 100vw, 300px\" \/>\t\t\t\t\t\t\t\t\t\t\t\t\t\t\t<\/div>\n\t\t\t\t<\/div>\n\t\t\t\t<div class=\"elementor-element elementor-element-600b067 elementor-widget elementor-widget-text-editor\" data-id=\"600b067\" data-element_type=\"widget\" data-e-type=\"widget\" data-widget_type=\"text-editor.default\">\n\t\t\t\t<div class=\"elementor-widget-container\">\n\t\t\t\t\t\t\t\t\t<p>Dieses Werk ist lizenziert unter\u00a0<a href=\"http:\/\/creativecommons.org\/licenses\/by-sa\/4.0\/?ref=chooser-v1\" target=\"_blank\" rel=\"noopener\">CC BY-SA 4.0<\/a><\/p>\t\t\t\t\t\t\t\t<\/div>\n\t\t\t\t<\/div>\n\t\t\t\t\t<\/div>\n\t\t<\/div>\n\t\t\t\t<div class=\"elementor-column elementor-col-25 elementor-top-column elementor-element elementor-element-be764f6\" data-id=\"be764f6\" data-element_type=\"column\" data-e-type=\"column\">\n\t\t\t<div class=\"elementor-widget-wrap elementor-element-populated\">\n\t\t\t\t\t\t<div class=\"elementor-element elementor-element-5f90bf0 elementor-widget elementor-widget-spacer\" data-id=\"5f90bf0\" data-element_type=\"widget\" data-e-type=\"widget\" data-widget_type=\"spacer.default\">\n\t\t\t\t<div class=\"elementor-widget-container\">\n\t\t\t\t\t\t\t<div class=\"elementor-spacer\">\n\t\t\t<div class=\"elementor-spacer-inner\"><\/div>\n\t\t<\/div>\n\t\t\t\t\t\t<\/div>\n\t\t\t\t<\/div>\n\t\t\t\t<div class=\"elementor-element elementor-element-bae162b elementor-widget elementor-widget-image\" data-id=\"bae162b\" data-element_type=\"widget\" data-e-type=\"widget\" data-widget_type=\"image.default\">\n\t\t\t\t<div class=\"elementor-widget-container\">\n\t\t\t\t\t\t\t\t\t\t\t\t\t\t\t<img decoding=\"async\" width=\"226\" height=\"137\" src=\"https:\/\/boostdigiculture.eu\/wp-content\/uploads\/2022\/02\/BoostDigiCulturexxsmall-e1645015480491.png\" class=\"attachment-medium size-medium wp-image-42\" alt=\"\" \/>\t\t\t\t\t\t\t\t\t\t\t\t\t\t\t<\/div>\n\t\t\t\t<\/div>\n\t\t\t\t<div class=\"elementor-element elementor-element-b3a370a elementor-widget elementor-widget-text-editor\" data-id=\"b3a370a\" data-element_type=\"widget\" data-e-type=\"widget\" data-widget_type=\"text-editor.default\">\n\t\t\t\t<div class=\"elementor-widget-container\">\n\t\t\t\t\t\t\t\t\t<a style=\"color: black;\" href=\"http:\/\/boostdigiculture.eu\/index.php\/terms-of-use\/\" target=\"_blank\" rel=\"noopener\">Terms of Use<\/a>\t\t\t\t\t\t\t\t<\/div>\n\t\t\t\t<\/div>\n\t\t\t\t<div class=\"elementor-element elementor-element-5e8f0f5 elementor-shape-circle e-grid-align-right elementor-grid-0 elementor-widget elementor-widget-social-icons\" data-id=\"5e8f0f5\" data-element_type=\"widget\" data-e-type=\"widget\" data-widget_type=\"social-icons.default\">\n\t\t\t\t<div class=\"elementor-widget-container\">\n\t\t\t\t\t\t\t<div class=\"elementor-social-icons-wrapper elementor-grid\" role=\"list\">\n\t\t\t\t\t\t\t<span class=\"elementor-grid-item\" role=\"listitem\">\n\t\t\t\t\t<a class=\"elementor-icon elementor-social-icon elementor-social-icon-facebook elementor-repeater-item-c683f8c\" href=\"https:\/\/www.facebook.com\/BoostDigiCulture\/\" target=\"_blank\">\n\t\t\t\t\t\t<span class=\"elementor-screen-only\">Facebook<\/span>\n\t\t\t\t\t\t<i aria-hidden=\"true\" class=\"fab fa-facebook\"><\/i>\t\t\t\t\t<\/a>\n\t\t\t\t<\/span>\n\t\t\t\t\t\t\t<span class=\"elementor-grid-item\" role=\"listitem\">\n\t\t\t\t\t<a class=\"elementor-icon elementor-social-icon elementor-social-icon-linkedin elementor-repeater-item-6b52f4b\" href=\"https:\/\/www.linkedin.com\/company\/86212874\/admin\/\" target=\"_blank\">\n\t\t\t\t\t\t<span class=\"elementor-screen-only\">Linkedin<\/span>\n\t\t\t\t\t\t<i aria-hidden=\"true\" class=\"fab fa-linkedin\"><\/i>\t\t\t\t\t<\/a>\n\t\t\t\t<\/span>\n\t\t\t\t\t\t\t<span class=\"elementor-grid-item\" role=\"listitem\">\n\t\t\t\t\t<a class=\"elementor-icon elementor-social-icon elementor-social-icon-youtube elementor-repeater-item-a65c9ef\" href=\"https:\/\/www.youtube.com\/@BoostDigiCulture\" target=\"_blank\">\n\t\t\t\t\t\t<span class=\"elementor-screen-only\">Youtube<\/span>\n\t\t\t\t\t\t<i aria-hidden=\"true\" class=\"fab fa-youtube\"><\/i>\t\t\t\t\t<\/a>\n\t\t\t\t<\/span>\n\t\t\t\t\t<\/div>\n\t\t\t\t\t\t<\/div>\n\t\t\t\t<\/div>\n\t\t\t\t\t<\/div>\n\t\t<\/div>\n\t\t\t\t\t<\/div>\n\t\t<\/section>\n\t\t\t\t<section class=\"elementor-section elementor-top-section elementor-element elementor-element-abcd807 elementor-section-boxed elementor-section-height-default elementor-section-height-default\" data-id=\"abcd807\" data-element_type=\"section\" data-e-type=\"section\">\n\t\t\t\t\t\t<div class=\"elementor-container elementor-column-gap-default\">\n\t\t\t\t\t<div class=\"elementor-column elementor-col-100 elementor-top-column elementor-element elementor-element-ec2924e\" data-id=\"ec2924e\" data-element_type=\"column\" data-e-type=\"column\">\n\t\t\t<div class=\"elementor-widget-wrap elementor-element-populated\">\n\t\t\t\t\t\t<div class=\"elementor-element elementor-element-bb67d3e elementor-widget-divider--view-line elementor-widget elementor-widget-divider\" data-id=\"bb67d3e\" data-element_type=\"widget\" data-e-type=\"widget\" data-widget_type=\"divider.default\">\n\t\t\t\t<div class=\"elementor-widget-container\">\n\t\t\t\t\t\t\t<div class=\"elementor-divider\">\n\t\t\t<span class=\"elementor-divider-separator\">\n\t\t\t\t\t\t<\/span>\n\t\t<\/div>\n\t\t\t\t\t\t<\/div>\n\t\t\t\t<\/div>\n\t\t\t\t\t<\/div>\n\t\t<\/div>\n\t\t\t\t\t<\/div>\n\t\t<\/section>\n\t\t\t\t<section class=\"elementor-section elementor-top-section elementor-element elementor-element-f04b9fd elementor-section-boxed elementor-section-height-default elementor-section-height-default\" data-id=\"f04b9fd\" data-element_type=\"section\" data-e-type=\"section\">\n\t\t\t\t\t\t<div class=\"elementor-container elementor-column-gap-default\">\n\t\t\t\t\t<div class=\"elementor-column elementor-col-33 elementor-top-column elementor-element elementor-element-6e432e4\" data-id=\"6e432e4\" data-element_type=\"column\" data-e-type=\"column\">\n\t\t\t<div class=\"elementor-widget-wrap elementor-element-populated\">\n\t\t\t\t\t\t<div class=\"elementor-element elementor-element-31a56b6 elementor-widget elementor-widget-text-editor\" data-id=\"31a56b6\" data-element_type=\"widget\" data-e-type=\"widget\" data-widget_type=\"text-editor.default\">\n\t\t\t\t<div class=\"elementor-widget-container\">\n\t\t\t\t\t\t\t\t\t<span style=\"color: black;\">Copyright \u00a9 2022 BoostDigiCulture. All Rights Reserved<\/span>\t\t\t\t\t\t\t\t<\/div>\n\t\t\t\t<\/div>\n\t\t\t\t\t<\/div>\n\t\t<\/div>\n\t\t\t\t<div class=\"elementor-column elementor-col-33 elementor-top-column elementor-element elementor-element-8f22742\" data-id=\"8f22742\" data-element_type=\"column\" data-e-type=\"column\">\n\t\t\t<div class=\"elementor-widget-wrap\">\n\t\t\t\t\t\t\t<\/div>\n\t\t<\/div>\n\t\t\t\t<div class=\"elementor-column elementor-col-33 elementor-top-column elementor-element elementor-element-11a361e\" data-id=\"11a361e\" data-element_type=\"column\" data-e-type=\"column\">\n\t\t\t<div class=\"elementor-widget-wrap elementor-element-populated\">\n\t\t\t\t\t\t<div class=\"elementor-element elementor-element-9194e27 elementor-widget elementor-widget-text-editor\" data-id=\"9194e27\" data-element_type=\"widget\" data-e-type=\"widget\" data-widget_type=\"text-editor.default\">\n\t\t\t\t<div class=\"elementor-widget-container\">\n\t\t\t\t\t\t\t\t\t<span style=\"color: black; text-align: right;\">Powered by\u00a0<\/span><a style=\"color: black; text-align: right;\" href=\"https:\/\/innovationhive.eu\/\" target=\"_blank\" rel=\"noopener\">Innovation Hive<\/a>\t\t\t\t\t\t\t\t<\/div>\n\t\t\t\t<\/div>\n\t\t\t\t\t<\/div>\n\t\t<\/div>\n\t\t\t\t\t<\/div>\n\t\t<\/section>\n\t\t\t\t<\/div>\n\t\t","protected":false},"excerpt":{"rendered":"<p>\u00dcber Uns Die Kultur- und Kreativbranche geh\u00f6rt neben dem Tourismussektor zu den am st\u00e4rksten von der COVID-19-Pandemie betroffenen Branchen. Die [&hellip;]<\/p>\n","protected":false},"author":1,"featured_media":0,"parent":0,"menu_order":0,"comment_status":"closed","ping_status":"closed","template":"page-templates\/template_page-builder.php","meta":{"_monsterinsights_skip_tracking":false,"_monsterinsights_sitenote_active":false,"_monsterinsights_sitenote_note":"","_monsterinsights_sitenote_category":0,"footnotes":""},"class_list":["post-709","page","type-page","status-publish","hentry"],"_links":{"self":[{"href":"https:\/\/boostdigiculture.eu\/index.php\/wp-json\/wp\/v2\/pages\/709","targetHints":{"allow":["GET"]}}],"collection":[{"href":"https:\/\/boostdigiculture.eu\/index.php\/wp-json\/wp\/v2\/pages"}],"about":[{"href":"https:\/\/boostdigiculture.eu\/index.php\/wp-json\/wp\/v2\/types\/page"}],"author":[{"embeddable":true,"href":"https:\/\/boostdigiculture.eu\/index.php\/wp-json\/wp\/v2\/users\/1"}],"replies":[{"embeddable":true,"href":"https:\/\/boostdigiculture.eu\/index.php\/wp-json\/wp\/v2\/comments?post=709"}],"version-history":[{"count":25,"href":"https:\/\/boostdigiculture.eu\/index.php\/wp-json\/wp\/v2\/pages\/709\/revisions"}],"predecessor-version":[{"id":2483,"href":"https:\/\/boostdigiculture.eu\/index.php\/wp-json\/wp\/v2\/pages\/709\/revisions\/2483"}],"wp:attachment":[{"href":"https:\/\/boostdigiculture.eu\/index.php\/wp-json\/wp\/v2\/media?parent=709"}],"curies":[{"name":"wp","href":"https:\/\/api.w.org\/{rel}","templated":true}]}}